{"id":660,"date":"2021-12-06T08:08:27","date_gmt":"2021-12-06T08:08:27","guid":{"rendered":"https:\/\/demosites.royal-elementor-addons.com\/restaurant-v1\/?page_id=660"},"modified":"2023-08-31T21:43:42","modified_gmt":"2023-08-31T21:43:42","slug":"gallery","status":"publish","type":"page","link":"https:\/\/restaurant-influence-nice.fr\/en\/gallery\/","title":{"rendered":"La gallerie"},"content":{"rendered":"<div data-elementor-type=\"wp-page\" data-elementor-id=\"660\" class=\"elementor elementor-660\" data-elementor-post-type=\"page\">\n\t\t\t\t\t\t<section class=\"elementor-section elementor-top-section elementor-element elementor-element-09da03d elementor-section-height-min-height elementor-section-boxed elementor-section-height-default elementor-section-items-middle wpr-particle-no wpr-jarallax-no wpr-parallax-no wpr-sticky-section-no wpr-equal-height-no\" data-id=\"09da03d\" data-element_type=\"section\" data-e-type=\"section\" data-settings=\"{&quot;background_background&quot;:&quot;classic&quot;}\">\n\t\t\t\t\t\t\t<div class=\"elementor-background-overlay\"><\/div>\n\t\t\t\t\t\t\t<div class=\"elementor-container elementor-column-gap-default\">\n\t\t\t\t\t<div class=\"elementor-column elementor-col-100 elementor-top-column elementor-element elementor-element-6f7e645\" data-id=\"6f7e645\" data-element_type=\"column\" data-e-type=\"column\">\n\t\t\t<div class=\"elementor-widget-wrap elementor-element-populated\">\n\t\t\t\t\t\t<div class=\"elementor-element elementor-element-726a842 elementor-widget elementor-widget-heading\" data-id=\"726a842\" data-element_type=\"widget\" data-e-type=\"widget\" data-widget_type=\"heading.default\">\n\t\t\t\t<div class=\"elementor-widget-container\">\n\t\t\t\t\t<h2 class=\"elementor-heading-title elementor-size-default\">Gallery<\/h2>\t\t\t\t<\/div>\n\t\t\t\t<\/div>\n\t\t\t\t\t<\/div>\n\t\t<\/div>\n\t\t\t\t\t<\/div>\n\t\t<\/section>\n\t\t\t\t<section class=\"elementor-section elementor-top-section elementor-element elementor-element-f4a5359 elementor-section-boxed elementor-section-height-default elementor-section-height-default wpr-particle-no wpr-jarallax-no wpr-parallax-no wpr-sticky-section-no wpr-equal-height-no\" data-id=\"f4a5359\" data-element_type=\"section\" data-e-type=\"section\">\n\t\t\t\t\t\t<div class=\"elementor-container elementor-column-gap-default\">\n\t\t\t\t\t<div class=\"elementor-column elementor-col-100 elementor-top-column elementor-element elementor-element-8a2110b\" data-id=\"8a2110b\" data-element_type=\"column\" data-e-type=\"column\">\n\t\t\t<div class=\"elementor-widget-wrap elementor-element-populated\">\n\t\t\t\t\t\t<div class=\"elementor-element elementor-element-6dbdd8d elementor-widget elementor-widget-heading\" data-id=\"6dbdd8d\" data-element_type=\"widget\" data-e-type=\"widget\" data-widget_type=\"heading.default\">\n\t\t\t\t<div class=\"elementor-widget-container\">\n\t\t\t\t\t<h2 class=\"elementor-heading-title elementor-size-default\">Gallery<\/h2>\t\t\t\t<\/div>\n\t\t\t\t<\/div>\n\t\t\t\t<div class=\"elementor-element elementor-element-acef960 elementor-widget elementor-widget-heading\" data-id=\"acef960\" data-element_type=\"widget\" data-e-type=\"widget\" data-widget_type=\"heading.default\">\n\t\t\t\t<div class=\"elementor-widget-container\">\n\t\t\t\t\t<h2 class=\"elementor-heading-title elementor-size-default\">The cuisine of a passionate chef from Nice<\/h2>\t\t\t\t<\/div>\n\t\t\t\t<\/div>\n\t\t\t\t<div class=\"elementor-element elementor-element-43fab78 elementor-widget-divider--view-line elementor-widget elementor-widget-divider\" data-id=\"43fab78\" data-element_type=\"widget\" data-e-type=\"widget\" data-widget_type=\"divider.default\">\n\t\t\t\t<div class=\"elementor-widget-container\">\n\t\t\t\t\t\t\t<div class=\"elementor-divider\">\n\t\t\t<span class=\"elementor-divider-separator\">\n\t\t\t\t\t\t<\/span>\n\t\t<\/div>\n\t\t\t\t\t\t<\/div>\n\t\t\t\t<\/div>\n\t\t\t\t<div class=\"elementor-element elementor-element-be3ca24 elementor-widget elementor-widget-text-editor\" data-id=\"be3ca24\" data-element_type=\"widget\" data-e-type=\"widget\" data-widget_type=\"text-editor.default\">\n\t\t\t\t<div class=\"elementor-widget-container\">\n\t\t\t\t\t\t\t\t\t<p>In the kitchen, it's\u00a0<strong>Aur\u00e8le Gasperon<\/strong><strong>i<\/strong>\u00a0who is the master. This native of Nice, trained at the Paul Bocuse Institute, has a real passion for gourmet cuisine. Every month, find his new taste inspirations, tasty, delicate dishes, inspired by the four corners of France and the world!<\/p>\t\t\t\t\t\t\t\t<\/div>\n\t\t\t\t<\/div>\n\t\t\t\t<div class=\"elementor-element elementor-element-54bf535 wpr-grid-columns-3 wpr-grid-columns--tablet2 wpr-grid-columns--mobile1 wpr-grid-pagination-center elementor-invisible elementor-widget elementor-widget-wpr-media-grid\" data-id=\"54bf535\" data-element_type=\"widget\" data-e-type=\"widget\" data-settings=\"{&quot;_animation&quot;:&quot;fadeIn&quot;}\" data-widget_type=\"wpr-media-grid.default\">\n\t\t\t\t<div class=\"elementor-widget-container\">\n\t\t\t\t\t<h2>No Images Found!<\/h2>\t\t\t\t<\/div>\n\t\t\t\t<\/div>\n\t\t\t\t\t<\/div>\n\t\t<\/div>\n\t\t\t\t\t<\/div>\n\t\t<\/section>\n\t\t\t\t<\/div>","protected":false},"excerpt":{"rendered":"<p>La galerie La galerie La cuisine d&rsquo;un Ni\u00e7ois passionn\u00e9\u200b Aux fourneaux, c&rsquo;est\u00a0Aur\u00e8le Gasperoni\u00a0qui est le ma\u00eetre. Ce Ni\u00e7ois d&rsquo;origine form\u00e9 \u00e0 l&rsquo;institut Paul Bocuse poss\u00e8de une v\u00e9ritable passion pour la cuisine gastronomique. Chaque mois, retrouvez ses nouvelles inspirations gustatives, des mets savoureux, d\u00e9licats, inspir\u00e9s par les quatre coins de la France et du monde ! Load More End of Content.<\/p>","protected":false},"author":1,"featured_media":0,"parent":0,"menu_order":0,"comment_status":"closed","ping_status":"closed","template":"elementor_canvas","meta":{"footnotes":""},"class_list":["post-660","page","type-page","status-publish","hentry"],"yoast_head":"<!-- This site is optimized with the Yoast SEO plugin v25.6 - https:\/\/yoast.com\/wordpress\/plugins\/seo\/ -->\n<title>La gallerie - restaurant influence<\/title>\n<meta name=\"description\" content=\"restaurant influence - La gallerie\" \/>\n<meta name=\"robots\" content=\"index, follow, max-snippet:-1, max-image-preview:large, max-video-preview:-1\" \/>\n<link rel=\"canonical\" href=\"https:\/\/restaurant-influence-nice.fr\/en\/gallery\/\" \/>\n<meta property=\"og:locale\" content=\"en_US\" \/>\n<meta property=\"og:type\" content=\"article\" \/>\n<meta property=\"og:title\" content=\"La gallerie - restaurant influence\" \/>\n<meta property=\"og:description\" content=\"restaurant influence - La gallerie\" \/>\n<meta property=\"og:url\" content=\"https:\/\/restaurant-influence-nice.fr\/en\/gallery\/\" \/>\n<meta property=\"og:site_name\" content=\"restaurant influence\" \/>\n<meta property=\"article:modified_time\" content=\"2023-08-31T21:43:42+00:00\" \/>\n<meta property=\"og:image\" content=\"http:\/\/restaurant-influence-nice.fr\/wp-content\/uploads\/2023\/07\/DSC_9070-Modifier_HD-scaled.jpg\" \/>\n<meta name=\"twitter:card\" content=\"summary_large_image\" \/>\n<script type=\"application\/ld+json\" class=\"yoast-schema-graph\">{\"@context\":\"https:\/\/schema.org\",\"@graph\":[{\"@type\":\"WebPage\",\"@id\":\"https:\/\/restaurant-influence-nice.fr\/gallery\/\",\"url\":\"https:\/\/restaurant-influence-nice.fr\/gallery\/\",\"name\":\"La gallerie - restaurant influence\",\"isPartOf\":{\"@id\":\"https:\/\/restaurant-influence-nice.fr\/#website\"},\"primaryImageOfPage\":{\"@id\":\"https:\/\/restaurant-influence-nice.fr\/gallery\/#primaryimage\"},\"image\":{\"@id\":\"https:\/\/restaurant-influence-nice.fr\/gallery\/#primaryimage\"},\"thumbnailUrl\":\"http:\/\/restaurant-influence-nice.fr\/wp-content\/uploads\/2023\/07\/DSC_9070-Modifier_HD-scaled.jpg\",\"datePublished\":\"2021-12-06T08:08:27+00:00\",\"dateModified\":\"2023-08-31T21:43:42+00:00\",\"description\":\"restaurant influence - La gallerie\",\"breadcrumb\":{\"@id\":\"https:\/\/restaurant-influence-nice.fr\/gallery\/#breadcrumb\"},\"inLanguage\":\"en-US\",\"potentialAction\":[{\"@type\":\"ReadAction\",\"target\":[\"https:\/\/restaurant-influence-nice.fr\/gallery\/\"]}]},{\"@type\":\"ImageObject\",\"inLanguage\":\"en-US\",\"@id\":\"https:\/\/restaurant-influence-nice.fr\/gallery\/#primaryimage\",\"url\":\"http:\/\/restaurant-influence-nice.fr\/wp-content\/uploads\/2023\/07\/DSC_9070-Modifier_HD-scaled.jpg\",\"contentUrl\":\"http:\/\/restaurant-influence-nice.fr\/wp-content\/uploads\/2023\/07\/DSC_9070-Modifier_HD-scaled.jpg\"},{\"@type\":\"BreadcrumbList\",\"@id\":\"https:\/\/restaurant-influence-nice.fr\/gallery\/#breadcrumb\",\"itemListElement\":[{\"@type\":\"ListItem\",\"position\":1,\"name\":\"Accueil\",\"item\":\"https:\/\/restaurant-influence-nice.fr\/\"},{\"@type\":\"ListItem\",\"position\":2,\"name\":\"La gallerie\"}]},{\"@type\":\"WebSite\",\"@id\":\"https:\/\/restaurant-influence-nice.fr\/#website\",\"url\":\"https:\/\/restaurant-influence-nice.fr\/\",\"name\":\"Restaurant Influence\",\"description\":\"\",\"potentialAction\":[{\"@type\":\"SearchAction\",\"target\":{\"@type\":\"EntryPoint\",\"urlTemplate\":\"https:\/\/restaurant-influence-nice.fr\/?s={search_term_string}\"},\"query-input\":{\"@type\":\"PropertyValueSpecification\",\"valueRequired\":true,\"valueName\":\"search_term_string\"}}],\"inLanguage\":\"en-US\"}]}<\/script>\n<!-- \/ Yoast SEO plugin. -->","yoast_head_json":{"title":"La gallerie - restaurant influence","description":"restaurant influence - La gallerie","robots":{"index":"index","follow":"follow","max-snippet":"max-snippet:-1","max-image-preview":"max-image-preview:large","max-video-preview":"max-video-preview:-1"},"canonical":"https:\/\/restaurant-influence-nice.fr\/en\/gallery\/","og_locale":"en_US","og_type":"article","og_title":"La gallerie - restaurant influence","og_description":"restaurant influence - La gallerie","og_url":"https:\/\/restaurant-influence-nice.fr\/en\/gallery\/","og_site_name":"restaurant influence","article_modified_time":"2023-08-31T21:43:42+00:00","og_image":[{"url":"http:\/\/restaurant-influence-nice.fr\/wp-content\/uploads\/2023\/07\/DSC_9070-Modifier_HD-scaled.jpg","type":"","width":"","height":""}],"twitter_card":"summary_large_image","schema":{"@context":"https:\/\/schema.org","@graph":[{"@type":"WebPage","@id":"https:\/\/restaurant-influence-nice.fr\/gallery\/","url":"https:\/\/restaurant-influence-nice.fr\/gallery\/","name":"La gallerie - restaurant influence","isPartOf":{"@id":"https:\/\/restaurant-influence-nice.fr\/#website"},"primaryImageOfPage":{"@id":"https:\/\/restaurant-influence-nice.fr\/gallery\/#primaryimage"},"image":{"@id":"https:\/\/restaurant-influence-nice.fr\/gallery\/#primaryimage"},"thumbnailUrl":"http:\/\/restaurant-influence-nice.fr\/wp-content\/uploads\/2023\/07\/DSC_9070-Modifier_HD-scaled.jpg","datePublished":"2021-12-06T08:08:27+00:00","dateModified":"2023-08-31T21:43:42+00:00","description":"restaurant influence - La gallerie","breadcrumb":{"@id":"https:\/\/restaurant-influence-nice.fr\/gallery\/#breadcrumb"},"inLanguage":"en-US","potentialAction":[{"@type":"ReadAction","target":["https:\/\/restaurant-influence-nice.fr\/gallery\/"]}]},{"@type":"ImageObject","inLanguage":"en-US","@id":"https:\/\/restaurant-influence-nice.fr\/gallery\/#primaryimage","url":"http:\/\/restaurant-influence-nice.fr\/wp-content\/uploads\/2023\/07\/DSC_9070-Modifier_HD-scaled.jpg","contentUrl":"http:\/\/restaurant-influence-nice.fr\/wp-content\/uploads\/2023\/07\/DSC_9070-Modifier_HD-scaled.jpg"},{"@type":"BreadcrumbList","@id":"https:\/\/restaurant-influence-nice.fr\/gallery\/#breadcrumb","itemListElement":[{"@type":"ListItem","position":1,"name":"Accueil","item":"https:\/\/restaurant-influence-nice.fr\/"},{"@type":"ListItem","position":2,"name":"La gallerie"}]},{"@type":"WebSite","@id":"https:\/\/restaurant-influence-nice.fr\/#website","url":"https:\/\/restaurant-influence-nice.fr\/","name":"Restaurant Influence","description":"","potentialAction":[{"@type":"SearchAction","target":{"@type":"EntryPoint","urlTemplate":"https:\/\/restaurant-influence-nice.fr\/?s={search_term_string}"},"query-input":{"@type":"PropertyValueSpecification","valueRequired":true,"valueName":"search_term_string"}}],"inLanguage":"en-US"}]}},"_links":{"self":[{"href":"https:\/\/restaurant-influence-nice.fr\/en\/wp-json\/wp\/v2\/pages\/660","targetHints":{"allow":["GET"]}}],"collection":[{"href":"https:\/\/restaurant-influence-nice.fr\/en\/wp-json\/wp\/v2\/pages"}],"about":[{"href":"https:\/\/restaurant-influence-nice.fr\/en\/wp-json\/wp\/v2\/types\/page"}],"author":[{"embeddable":true,"href":"https:\/\/restaurant-influence-nice.fr\/en\/wp-json\/wp\/v2\/users\/1"}],"replies":[{"embeddable":true,"href":"https:\/\/restaurant-influence-nice.fr\/en\/wp-json\/wp\/v2\/comments?post=660"}],"version-history":[{"count":0,"href":"https:\/\/restaurant-influence-nice.fr\/en\/wp-json\/wp\/v2\/pages\/660\/revisions"}],"wp:attachment":[{"href":"https:\/\/restaurant-influence-nice.fr\/en\/wp-json\/wp\/v2\/media?parent=660"}],"curies":[{"name":"wp","href":"https:\/\/api.w.org\/{rel}","templated":true}]}}